{"id":1061,"date":"2025-02-23T16:42:03","date_gmt":"2025-02-23T16:42:03","guid":{"rendered":"https:\/\/peterkepkeret.hu\/?page_id=1061"},"modified":"2025-02-23T16:55:44","modified_gmt":"2025-02-23T16:55:44","slug":"koszonjuk","status":"publish","type":"page","link":"https:\/\/peterkepkeret.hu\/en\/koszonjuk\/","title":{"rendered":"K\u00f6sz\u00f6nj\u00fck"},"content":{"rendered":"<div data-elementor-type=\"wp-page\" data-elementor-id=\"1061\" class=\"elementor elementor-1061\" data-elementor-post-type=\"page\">\n\t\t\t\t<div class=\"elementor-element elementor-element-a52ac52 e-flex e-con-boxed e-con e-parent\" data-id=\"a52ac52\" data-element_type=\"container\" data-e-type=\"container\">\n\t\t\t\t\t<div class=\"e-con-inner\">\n\t\t\t\t<div class=\"elementor-element elementor-element-c3d2616 elementor-invisible elementor-widget elementor-widget-heading\" data-id=\"c3d2616\" data-element_type=\"widget\" data-e-type=\"widget\" data-settings=\"{&quot;_animation&quot;:&quot;fadeIn&quot;}\" data-widget_type=\"heading.default\">\n\t\t\t\t<div class=\"elementor-widget-container\">\n\t\t\t\t\t<h1 class=\"elementor-heading-title elementor-size-default\">K\u00f6sz\u00f6nj\u00fck!<\/h1>\t\t\t\t<\/div>\n\t\t\t\t<\/div>\n\t\t\t\t<div class=\"elementor-element elementor-element-0d0c36a elementor-widget-divider--view-line elementor-widget elementor-widget-divider\" data-id=\"0d0c36a\" data-element_type=\"widget\" data-e-type=\"widget\" data-widget_type=\"divider.default\">\n\t\t\t\t<div class=\"elementor-widget-container\">\n\t\t\t\t\t\t\t<div class=\"elementor-divider\">\n\t\t\t<span class=\"elementor-divider-separator\">\n\t\t\t\t\t\t<\/span>\n\t\t<\/div>\n\t\t\t\t\t\t<\/div>\n\t\t\t\t<\/div>\n\t\t<div class=\"elementor-element elementor-element-38b4fcc e-con-full e-flex e-con e-child\" data-id=\"38b4fcc\" data-element_type=\"container\" data-e-type=\"container\">\n\t\t\t\t<div class=\"elementor-element elementor-element-dc963ec elementor-widget elementor-widget-text-editor\" data-id=\"dc963ec\" data-element_type=\"widget\" data-e-type=\"widget\" data-widget_type=\"text-editor.default\">\n\t\t\t\t<div class=\"elementor-widget-container\">\n\t\t\t\t\t\t\t\t\t\u00dczenet\u00e9t sikeresen megkaptuk, \u00e9s munkat\u00e1rsaink a lehet\u0151 leghamarabb felveszik \u00d6nnel a kapcsolatot, hogy szem\u00e9lyre szabott megold\u00e1ssal vagy r\u00e9szletes t\u00e1j\u00e9koztat\u00e1ssal szolg\u00e1lhassanak.\n<br><br>\nAmennyiben b\u00e1rmilyen tov\u00e1bbi k\u00e9rd\u00e9se mer\u00fclne fel, ne habozzon kapcsolatba l\u00e9pni vel\u00fcnk!\t\t\t\t\t\t\t\t<\/div>\n\t\t\t\t<\/div>\n\t\t\t\t<\/div>\n\t\t\t\t\t<\/div>\n\t\t\t\t<\/div>\n\t\t\t\t<\/div>","protected":false},"excerpt":{"rendered":"<p>K\u00f6sz\u00f6nj\u00fck! \u00dczenet\u00e9t sikeresen megkaptuk, \u00e9s munkat\u00e1rsaink a lehet\u0151 leghamarabb felveszik \u00d6nnel a kapcsolatot, hogy szem\u00e9lyre szabott megold\u00e1ssal vagy r\u00e9szletes t\u00e1j\u00e9koztat\u00e1ssal szolg\u00e1lhassanak. Amennyiben b\u00e1rmilyen tov\u00e1bbi k\u00e9rd\u00e9se mer\u00fclne fel, ne habozzon kapcsolatba l\u00e9pni vel\u00fcnk!<\/p>","protected":false},"author":3,"featured_media":0,"parent":0,"menu_order":0,"comment_status":"closed","ping_status":"closed","template":"","meta":{"footnotes":""},"class_list":["post-1061","page","type-page","status-publish","hentry"],"yoast_head":"<!-- This site is optimized with the Yoast SEO plugin v27.3 - https:\/\/yoast.com\/product\/yoast-seo-wordpress\/ -->\n<title>K\u00f6sz\u00f6nj\u00fck - P\u00e9ter k\u00e9pkeret<\/title>\n<meta name=\"robots\" content=\"index, follow, max-snippet:-1, max-image-preview:large, max-video-preview:-1\" \/>\n<link rel=\"canonical\" href=\"https:\/\/peterkepkeret.hu\/en\/koszonjuk\/\" \/>\n<meta property=\"og:locale\" content=\"en_GB\" \/>\n<meta property=\"og:type\" content=\"article\" \/>\n<meta property=\"og:title\" content=\"K\u00f6sz\u00f6nj\u00fck - P\u00e9ter k\u00e9pkeret\" \/>\n<meta property=\"og:description\" content=\"K\u00f6sz\u00f6nj\u00fck! \u00dczenet\u00e9t sikeresen megkaptuk, \u00e9s munkat\u00e1rsaink a lehet\u0151 leghamarabb felveszik \u00d6nnel a kapcsolatot, hogy szem\u00e9lyre szabott megold\u00e1ssal vagy r\u00e9szletes t\u00e1j\u00e9koztat\u00e1ssal szolg\u00e1lhassanak. Amennyiben b\u00e1rmilyen tov\u00e1bbi k\u00e9rd\u00e9se mer\u00fclne fel, ne habozzon kapcsolatba l\u00e9pni vel\u00fcnk!\" \/>\n<meta property=\"og:url\" content=\"https:\/\/peterkepkeret.hu\/en\/koszonjuk\/\" \/>\n<meta property=\"og:site_name\" content=\"P\u00e9ter k\u00e9pkeret\" \/>\n<meta property=\"article:modified_time\" content=\"2025-02-23T16:55:44+00:00\" \/>\n<meta name=\"twitter:card\" content=\"summary_large_image\" \/>\n<script type=\"application\/ld+json\" class=\"yoast-schema-graph\">{\"@context\":\"https:\\\/\\\/schema.org\",\"@graph\":[{\"@type\":\"WebPage\",\"@id\":\"https:\\\/\\\/peterkepkeret.hu\\\/koszonjuk\\\/\",\"url\":\"https:\\\/\\\/peterkepkeret.hu\\\/koszonjuk\\\/\",\"name\":\"K\u00f6sz\u00f6nj\u00fck - P\u00e9ter k\u00e9pkeret\",\"isPartOf\":{\"@id\":\"https:\\\/\\\/peterkepkeret.hu\\\/#website\"},\"datePublished\":\"2025-02-23T16:42:03+00:00\",\"dateModified\":\"2025-02-23T16:55:44+00:00\",\"breadcrumb\":{\"@id\":\"https:\\\/\\\/peterkepkeret.hu\\\/koszonjuk\\\/#breadcrumb\"},\"inLanguage\":\"en-GB\",\"potentialAction\":[{\"@type\":\"ReadAction\",\"target\":[\"https:\\\/\\\/peterkepkeret.hu\\\/koszonjuk\\\/\"]}]},{\"@type\":\"BreadcrumbList\",\"@id\":\"https:\\\/\\\/peterkepkeret.hu\\\/koszonjuk\\\/#breadcrumb\",\"itemListElement\":[{\"@type\":\"ListItem\",\"position\":1,\"name\":\"Kezd\u0151lap\",\"item\":\"https:\\\/\\\/peterkepkeret.hu\\\/\"},{\"@type\":\"ListItem\",\"position\":2,\"name\":\"K\u00f6sz\u00f6nj\u00fck\"}]},{\"@type\":\"WebSite\",\"@id\":\"https:\\\/\\\/peterkepkeret.hu\\\/#website\",\"url\":\"https:\\\/\\\/peterkepkeret.hu\\\/\",\"name\":\"P\u00e9ter k\u00e9pkeret\",\"description\":\"Nek\u00fcnk m\u0171kincs, \u00d6nnek szem\u00e9lyes t\u00f6rt\u00e9net!\",\"potentialAction\":[{\"@type\":\"SearchAction\",\"target\":{\"@type\":\"EntryPoint\",\"urlTemplate\":\"https:\\\/\\\/peterkepkeret.hu\\\/?s={search_term_string}\"},\"query-input\":{\"@type\":\"PropertyValueSpecification\",\"valueRequired\":true,\"valueName\":\"search_term_string\"}}],\"inLanguage\":\"en-GB\"}]}<\/script>\n<!-- \/ Yoast SEO plugin. -->","yoast_head_json":{"title":"K\u00f6sz\u00f6nj\u00fck - P\u00e9ter k\u00e9pkeret","robots":{"index":"index","follow":"follow","max-snippet":"max-snippet:-1","max-image-preview":"max-image-preview:large","max-video-preview":"max-video-preview:-1"},"canonical":"https:\/\/peterkepkeret.hu\/en\/koszonjuk\/","og_locale":"en_GB","og_type":"article","og_title":"K\u00f6sz\u00f6nj\u00fck - P\u00e9ter k\u00e9pkeret","og_description":"K\u00f6sz\u00f6nj\u00fck! \u00dczenet\u00e9t sikeresen megkaptuk, \u00e9s munkat\u00e1rsaink a lehet\u0151 leghamarabb felveszik \u00d6nnel a kapcsolatot, hogy szem\u00e9lyre szabott megold\u00e1ssal vagy r\u00e9szletes t\u00e1j\u00e9koztat\u00e1ssal szolg\u00e1lhassanak. Amennyiben b\u00e1rmilyen tov\u00e1bbi k\u00e9rd\u00e9se mer\u00fclne fel, ne habozzon kapcsolatba l\u00e9pni vel\u00fcnk!","og_url":"https:\/\/peterkepkeret.hu\/en\/koszonjuk\/","og_site_name":"P\u00e9ter k\u00e9pkeret","article_modified_time":"2025-02-23T16:55:44+00:00","twitter_card":"summary_large_image","schema":{"@context":"https:\/\/schema.org","@graph":[{"@type":"WebPage","@id":"https:\/\/peterkepkeret.hu\/koszonjuk\/","url":"https:\/\/peterkepkeret.hu\/koszonjuk\/","name":"K\u00f6sz\u00f6nj\u00fck - P\u00e9ter k\u00e9pkeret","isPartOf":{"@id":"https:\/\/peterkepkeret.hu\/#website"},"datePublished":"2025-02-23T16:42:03+00:00","dateModified":"2025-02-23T16:55:44+00:00","breadcrumb":{"@id":"https:\/\/peterkepkeret.hu\/koszonjuk\/#breadcrumb"},"inLanguage":"en-GB","potentialAction":[{"@type":"ReadAction","target":["https:\/\/peterkepkeret.hu\/koszonjuk\/"]}]},{"@type":"BreadcrumbList","@id":"https:\/\/peterkepkeret.hu\/koszonjuk\/#breadcrumb","itemListElement":[{"@type":"ListItem","position":1,"name":"Kezd\u0151lap","item":"https:\/\/peterkepkeret.hu\/"},{"@type":"ListItem","position":2,"name":"K\u00f6sz\u00f6nj\u00fck"}]},{"@type":"WebSite","@id":"https:\/\/peterkepkeret.hu\/#website","url":"https:\/\/peterkepkeret.hu\/","name":"P\u00e9ter k\u00e9pkeret","description":"For us, it's a piece of art; \nfor you, it's a personal story","potentialAction":[{"@type":"SearchAction","target":{"@type":"EntryPoint","urlTemplate":"https:\/\/peterkepkeret.hu\/?s={search_term_string}"},"query-input":{"@type":"PropertyValueSpecification","valueRequired":true,"valueName":"search_term_string"}}],"inLanguage":"en-GB"}]}},"_links":{"self":[{"href":"https:\/\/peterkepkeret.hu\/en\/wp-json\/wp\/v2\/pages\/1061","targetHints":{"allow":["GET"]}}],"collection":[{"href":"https:\/\/peterkepkeret.hu\/en\/wp-json\/wp\/v2\/pages"}],"about":[{"href":"https:\/\/peterkepkeret.hu\/en\/wp-json\/wp\/v2\/types\/page"}],"author":[{"embeddable":true,"href":"https:\/\/peterkepkeret.hu\/en\/wp-json\/wp\/v2\/users\/3"}],"replies":[{"embeddable":true,"href":"https:\/\/peterkepkeret.hu\/en\/wp-json\/wp\/v2\/comments?post=1061"}],"version-history":[{"count":13,"href":"https:\/\/peterkepkeret.hu\/en\/wp-json\/wp\/v2\/pages\/1061\/revisions"}],"predecessor-version":[{"id":1074,"href":"https:\/\/peterkepkeret.hu\/en\/wp-json\/wp\/v2\/pages\/1061\/revisions\/1074"}],"wp:attachment":[{"href":"https:\/\/peterkepkeret.hu\/en\/wp-json\/wp\/v2\/media?parent=1061"}],"curies":[{"name":"wp","href":"https:\/\/api.w.org\/{rel}","templated":true}]}}