{"id":2606,"date":"2025-06-04T15:10:57","date_gmt":"2025-06-04T15:10:57","guid":{"rendered":"https:\/\/peterkepkeret.hu\/?page_id=2606"},"modified":"2025-06-23T15:54:33","modified_gmt":"2025-06-23T15:54:33","slug":"katalogusaink","status":"publish","type":"page","link":"https:\/\/peterkepkeret.hu\/en\/katalogusaink\/","title":{"rendered":"Catalogue"},"content":{"rendered":"<div data-elementor-type=\"wp-page\" data-elementor-id=\"2606\" class=\"elementor elementor-2606\" data-elementor-post-type=\"page\">\n\t\t\t\t<div class=\"elementor-element elementor-element-e146772 e-flex e-con-boxed e-con e-parent\" data-id=\"e146772\" data-element_type=\"container\" data-e-type=\"container\" data-settings=\"{&quot;background_background&quot;:&quot;classic&quot;}\">\n\t\t\t\t\t<div class=\"e-con-inner\">\n\t\t\t\t<div class=\"elementor-element elementor-element-fe0b29d elementor-widget elementor-widget-heading\" data-id=\"fe0b29d\" data-element_type=\"widget\" data-e-type=\"widget\" data-settings=\"{&quot;_animation_mobile&quot;:&quot;fadeIn&quot;}\" data-widget_type=\"heading.default\">\n\t\t\t\t<div class=\"elementor-widget-container\">\n\t\t\t\t\t<h1 class=\"elementor-heading-title elementor-size-default\">Catalogue<\/h1>\t\t\t\t<\/div>\n\t\t\t\t<\/div>\n\t\t\t\t<div class=\"elementor-element elementor-element-84f41f2 elementor-widget-divider--view-line elementor-invisible elementor-widget elementor-widget-divider\" data-id=\"84f41f2\" data-element_type=\"widget\" data-e-type=\"widget\" data-settings=\"{&quot;_animation&quot;:&quot;fadeInDown&quot;}\" data-widget_type=\"divider.default\">\n\t\t\t\t<div class=\"elementor-widget-container\">\n\t\t\t\t\t\t\t<div class=\"elementor-divider\">\n\t\t\t<span class=\"elementor-divider-separator\">\n\t\t\t\t\t\t<\/span>\n\t\t<\/div>\n\t\t\t\t\t\t<\/div>\n\t\t\t\t<\/div>\n\t\t<div class=\"elementor-element elementor-element-901d9a9 e-con-full e-flex e-con e-child\" data-id=\"901d9a9\" data-element_type=\"container\" data-e-type=\"container\">\n\t\t\t\t<div class=\"elementor-element elementor-element-99ce4d3 elementor-widget elementor-widget-text-editor\" data-id=\"99ce4d3\" data-element_type=\"widget\" data-e-type=\"widget\" data-widget_type=\"text-editor.default\">\n\t\t\t\t<div class=\"elementor-widget-container\">\n\t\t\t\t\t\t\t\t\tPDF archive\n\t\t\t\t\t\t\t\t<\/div>\n\t\t\t\t<\/div>\n\t\t\t\t<\/div>\n\t\t\t\t\t<\/div>\n\t\t\t\t<\/div>\n\t\t<div class=\"elementor-element elementor-element-eec2d46 e-flex e-con-boxed e-con e-parent\" data-id=\"eec2d46\" data-element_type=\"container\" data-e-type=\"container\" data-settings=\"{&quot;background_background&quot;:&quot;classic&quot;}\">\n\t\t\t\t\t<div class=\"e-con-inner\">\n\t\t<div class=\"elementor-element elementor-element-f8bd409 e-grid e-con-full e-con e-child\" data-id=\"f8bd409\" data-element_type=\"container\" data-e-type=\"container\">\n\t\t<div class=\"elementor-element elementor-element-9b8e02e e-con-full katalogus-bs e-flex e-con e-child\" data-id=\"9b8e02e\" data-element_type=\"container\" data-e-type=\"container\" data-settings=\"{&quot;background_background&quot;:&quot;classic&quot;}\">\n\t\t<div class=\"elementor-element elementor-element-fee8d6d e-con-full e-flex e-con e-child\" data-id=\"fee8d6d\" data-element_type=\"container\" data-e-type=\"container\" data-settings=\"{&quot;background_background&quot;:&quot;classic&quot;}\">\n\t\t\t\t<div class=\"elementor-element elementor-element-bf9234c elementor-widget elementor-widget-image\" data-id=\"bf9234c\" data-element_type=\"widget\" data-e-type=\"widget\" data-widget_type=\"image.default\">\n\t\t\t\t<div class=\"elementor-widget-container\">\n\t\t\t\t\t\t\t\t\t\t\t\t\t\t\t<img fetchpriority=\"high\" decoding=\"async\" width=\"724\" height=\"1024\" src=\"https:\/\/peterkepkeret.hu\/wp-content\/uploads\/2025\/06\/2022-katalogus-2-724x1024.jpg\" class=\"attachment-large size-large wp-image-2611\" alt=\"\" srcset=\"https:\/\/peterkepkeret.hu\/wp-content\/uploads\/2025\/06\/2022-katalogus-2-724x1024.jpg 724w, https:\/\/peterkepkeret.hu\/wp-content\/uploads\/2025\/06\/2022-katalogus-2-212x300.jpg 212w, https:\/\/peterkepkeret.hu\/wp-content\/uploads\/2025\/06\/2022-katalogus-2-768x1087.jpg 768w, https:\/\/peterkepkeret.hu\/wp-content\/uploads\/2025\/06\/2022-katalogus-2-1086x1536.jpg 1086w, https:\/\/peterkepkeret.hu\/wp-content\/uploads\/2025\/06\/2022-katalogus-2-8x12.jpg 8w, https:\/\/peterkepkeret.hu\/wp-content\/uploads\/2025\/06\/2022-katalogus-2.jpg 1357w\" sizes=\"(max-width: 724px) 100vw, 724px\" \/>\t\t\t\t\t\t\t\t\t\t\t\t\t\t\t<\/div>\n\t\t\t\t<\/div>\n\t\t\t\t<\/div>\n\t\t<div class=\"elementor-element elementor-element-24e9ce1 e-con-full e-flex e-con e-child\" data-id=\"24e9ce1\" data-element_type=\"container\" data-e-type=\"container\">\n\t\t<div class=\"elementor-element elementor-element-c928d11 e-con-full e-flex e-con e-child\" data-id=\"c928d11\" data-element_type=\"container\" data-e-type=\"container\">\n\t\t\t\t<div class=\"elementor-element elementor-element-5793354 elementor-widget elementor-widget-heading\" data-id=\"5793354\" data-element_type=\"widget\" data-e-type=\"widget\" data-widget_type=\"heading.default\">\n\t\t\t\t<div class=\"elementor-widget-container\">\n\t\t\t\t\t<h2 class=\"elementor-heading-title elementor-size-default\">Catalogue 2022<\/h2>\t\t\t\t<\/div>\n\t\t\t\t<\/div>\n\t\t\t\t<div class=\"elementor-element elementor-element-32c7d63 elementor-widget elementor-widget-text-editor\" data-id=\"32c7d63\" data-element_type=\"widget\" data-e-type=\"widget\" data-widget_type=\"text-editor.default\">\n\t\t\t\t<div class=\"elementor-widget-container\">\n\t\t\t\t\t\t\t\t\t2022\t\t\t\t\t\t\t\t<\/div>\n\t\t\t\t<\/div>\n\t\t\t\t<\/div>\n\t\t<div class=\"elementor-element elementor-element-6818f6a e-con-full e-flex e-con e-child\" data-id=\"6818f6a\" data-element_type=\"container\" data-e-type=\"container\">\n\t\t\t\t<div class=\"elementor-element elementor-element-743f074 elementor-widget elementor-widget-button\" data-id=\"743f074\" data-element_type=\"widget\" data-e-type=\"widget\" data-widget_type=\"button.default\">\n\t\t\t\t<div class=\"elementor-widget-container\">\n\t\t\t\t\t\t\t\t\t<div class=\"elementor-button-wrapper\">\n\t\t\t\t\t<a class=\"elementor-button elementor-button-link elementor-size-sm\" href=\"https:\/\/peterkepkeret.hu\/wp-content\/uploads\/2025\/06\/PK_KATALOGUS_2022.pdf\" target=\"_blank\">\n\t\t\t\t\t\t<span class=\"elementor-button-content-wrapper\">\n\t\t\t\t\t\t<span class=\"elementor-button-icon\">\n\t\t\t\t<svg aria-hidden=\"true\" class=\"e-font-icon-svg e-fas-file-download\" viewbox=\"0 0 384 512\" xmlns=\"http:\/\/www.w3.org\/2000\/svg\"><path d=\"M224 136V0H24C10.7 0 0 10.7 0 24v464c0 13.3 10.7 24 24 24h336c13.3 0 24-10.7 24-24V160H248c-13.2 0-24-10.8-24-24zm76.45 211.36l-96.42 95.7c-6.65 6.61-17.39 6.61-24.04 0l-96.42-95.7C73.42 337.29 80.54 320 94.82 320H160v-80c0-8.84 7.16-16 16-16h32c8.84 0 16 7.16 16 16v80h65.18c14.28 0 21.4 17.29 11.27 27.36zM377 105L279.1 7c-4.5-4.5-10.6-7-17-7H256v128h128v-6.1c0-6.3-2.5-12.4-7-16.9z\"><\/path><\/svg>\t\t\t<\/span>\n\t\t\t\t\t\t\t\t\t<span class=\"elementor-button-text\">Download<\/span>\n\t\t\t\t\t<\/span>\n\t\t\t\t\t<\/a>\n\t\t\t\t<\/div>\n\t\t\t\t\t\t\t\t<\/div>\n\t\t\t\t<\/div>\n\t\t\t\t<\/div>\n\t\t\t\t<\/div>\n\t\t\t\t<\/div>\n\t\t<div class=\"elementor-element elementor-element-244d47c e-con-full katalogus-bs e-flex e-con e-child\" data-id=\"244d47c\" data-element_type=\"container\" data-e-type=\"container\" data-settings=\"{&quot;background_background&quot;:&quot;classic&quot;}\">\n\t\t<div class=\"elementor-element elementor-element-b650c8f e-con-full e-flex e-con e-child\" data-id=\"b650c8f\" data-element_type=\"container\" data-e-type=\"container\" data-settings=\"{&quot;background_background&quot;:&quot;classic&quot;}\">\n\t\t\t\t<div class=\"elementor-element elementor-element-5e8658b elementor-widget elementor-widget-image\" data-id=\"5e8658b\" data-element_type=\"widget\" data-e-type=\"widget\" data-widget_type=\"image.default\">\n\t\t\t\t<div class=\"elementor-widget-container\">\n\t\t\t\t\t\t\t\t\t\t\t\t\t\t\t<img decoding=\"async\" width=\"724\" height=\"1024\" src=\"https:\/\/peterkepkeret.hu\/wp-content\/uploads\/2025\/06\/2021-katalogus-724x1024.jpg\" class=\"attachment-large size-large wp-image-2610\" alt=\"\" srcset=\"https:\/\/peterkepkeret.hu\/wp-content\/uploads\/2025\/06\/2021-katalogus-724x1024.jpg 724w, https:\/\/peterkepkeret.hu\/wp-content\/uploads\/2025\/06\/2021-katalogus-212x300.jpg 212w, https:\/\/peterkepkeret.hu\/wp-content\/uploads\/2025\/06\/2021-katalogus-768x1087.jpg 768w, https:\/\/peterkepkeret.hu\/wp-content\/uploads\/2025\/06\/2021-katalogus-1086x1536.jpg 1086w, https:\/\/peterkepkeret.hu\/wp-content\/uploads\/2025\/06\/2021-katalogus-8x12.jpg 8w, https:\/\/peterkepkeret.hu\/wp-content\/uploads\/2025\/06\/2021-katalogus.jpg 1357w\" sizes=\"(max-width: 724px) 100vw, 724px\" \/>\t\t\t\t\t\t\t\t\t\t\t\t\t\t\t<\/div>\n\t\t\t\t<\/div>\n\t\t\t\t<\/div>\n\t\t<div class=\"elementor-element elementor-element-8b16a7f e-con-full e-flex e-con e-child\" data-id=\"8b16a7f\" data-element_type=\"container\" data-e-type=\"container\">\n\t\t<div class=\"elementor-element elementor-element-ca6452f e-con-full e-flex e-con e-child\" data-id=\"ca6452f\" data-element_type=\"container\" data-e-type=\"container\">\n\t\t\t\t<div class=\"elementor-element elementor-element-3e3792b elementor-widget elementor-widget-heading\" data-id=\"3e3792b\" data-element_type=\"widget\" data-e-type=\"widget\" data-widget_type=\"heading.default\">\n\t\t\t\t<div class=\"elementor-widget-container\">\n\t\t\t\t\t<h2 class=\"elementor-heading-title elementor-size-default\">Catalogue 2021<\/h2>\t\t\t\t<\/div>\n\t\t\t\t<\/div>\n\t\t\t\t<div class=\"elementor-element elementor-element-5d43c0c elementor-widget elementor-widget-text-editor\" data-id=\"5d43c0c\" data-element_type=\"widget\" data-e-type=\"widget\" data-widget_type=\"text-editor.default\">\n\t\t\t\t<div class=\"elementor-widget-container\">\n\t\t\t\t\t\t\t\t\t<p>2021<\/p>\t\t\t\t\t\t\t\t<\/div>\n\t\t\t\t<\/div>\n\t\t\t\t<\/div>\n\t\t<div class=\"elementor-element elementor-element-adb673b e-con-full e-flex e-con e-child\" data-id=\"adb673b\" data-element_type=\"container\" data-e-type=\"container\">\n\t\t\t\t<div class=\"elementor-element elementor-element-29db929 elementor-widget elementor-widget-button\" data-id=\"29db929\" data-element_type=\"widget\" data-e-type=\"widget\" data-widget_type=\"button.default\">\n\t\t\t\t<div class=\"elementor-widget-container\">\n\t\t\t\t\t\t\t\t\t<div class=\"elementor-button-wrapper\">\n\t\t\t\t\t<a class=\"elementor-button elementor-button-link elementor-size-sm\" href=\"https:\/\/peterkepkeret.hu\/wp-content\/uploads\/2025\/06\/PK_KATALOGUS_2021_P.pdf\" target=\"_blank\">\n\t\t\t\t\t\t<span class=\"elementor-button-content-wrapper\">\n\t\t\t\t\t\t<span class=\"elementor-button-icon\">\n\t\t\t\t<svg aria-hidden=\"true\" class=\"e-font-icon-svg e-fas-file-download\" viewbox=\"0 0 384 512\" xmlns=\"http:\/\/www.w3.org\/2000\/svg\"><path d=\"M224 136V0H24C10.7 0 0 10.7 0 24v464c0 13.3 10.7 24 24 24h336c13.3 0 24-10.7 24-24V160H248c-13.2 0-24-10.8-24-24zm76.45 211.36l-96.42 95.7c-6.65 6.61-17.39 6.61-24.04 0l-96.42-95.7C73.42 337.29 80.54 320 94.82 320H160v-80c0-8.84 7.16-16 16-16h32c8.84 0 16 7.16 16 16v80h65.18c14.28 0 21.4 17.29 11.27 27.36zM377 105L279.1 7c-4.5-4.5-10.6-7-17-7H256v128h128v-6.1c0-6.3-2.5-12.4-7-16.9z\"><\/path><\/svg>\t\t\t<\/span>\n\t\t\t\t\t\t\t\t\t<span class=\"elementor-button-text\">Download<\/span>\n\t\t\t\t\t<\/span>\n\t\t\t\t\t<\/a>\n\t\t\t\t<\/div>\n\t\t\t\t\t\t\t\t<\/div>\n\t\t\t\t<\/div>\n\t\t\t\t<\/div>\n\t\t\t\t<\/div>\n\t\t\t\t<\/div>\n\t\t\t\t<\/div>\n\t\t\t\t\t<\/div>\n\t\t\t\t<\/div>\n\t\t\t\t<\/div>","protected":false},"excerpt":{"rendered":"<p>Katal\u00f3gusaink Let\u00f6lthet\u0151 pdf arch\u00edvum 2022-es katal\u00f3gus 2022 Katal\u00f3gus let\u00f6lt\u00e9se 2021-es katal\u00f3gus 2021 Katal\u00f3gus let\u00f6lt\u00e9se<\/p>","protected":false},"author":3,"featured_media":0,"parent":0,"menu_order":0,"comment_status":"closed","ping_status":"closed","template":"","meta":{"footnotes":""},"class_list":["post-2606","page","type-page","status-publish","hentry"],"yoast_head":"<!-- This site is optimized with the Yoast SEO plugin v27.4 - https:\/\/yoast.com\/product\/yoast-seo-wordpress\/ -->\n<title>Katal\u00f3gusaink - P\u00e9ter k\u00e9pkeret<\/title>\n<meta name=\"robots\" content=\"index, follow, max-snippet:-1, max-image-preview:large, max-video-preview:-1\" \/>\n<link rel=\"canonical\" href=\"https:\/\/peterkepkeret.hu\/en\/katalogusaink\/\" \/>\n<meta property=\"og:locale\" content=\"en_GB\" \/>\n<meta property=\"og:type\" content=\"article\" \/>\n<meta property=\"og:title\" content=\"Katal\u00f3gusaink - P\u00e9ter k\u00e9pkeret\" \/>\n<meta property=\"og:description\" content=\"Katal\u00f3gusaink Let\u00f6lthet\u0151 pdf arch\u00edvum 2022-es katal\u00f3gus 2022 Katal\u00f3gus let\u00f6lt\u00e9se 2021-es katal\u00f3gus 2021 Katal\u00f3gus let\u00f6lt\u00e9se\" \/>\n<meta property=\"og:url\" content=\"https:\/\/peterkepkeret.hu\/en\/katalogusaink\/\" \/>\n<meta property=\"og:site_name\" content=\"P\u00e9ter k\u00e9pkeret\" \/>\n<meta property=\"article:modified_time\" content=\"2025-06-23T15:54:33+00:00\" \/>\n<meta property=\"og:image\" content=\"https:\/\/peterkepkeret.hu\/wp-content\/uploads\/2025\/06\/2022-katalogus-2.jpg\" \/>\n\t<meta property=\"og:image:width\" content=\"1357\" \/>\n\t<meta property=\"og:image:height\" content=\"1920\" \/>\n\t<meta property=\"og:image:type\" content=\"image\/jpeg\" \/>\n<meta name=\"twitter:card\" content=\"summary_large_image\" \/>\n<meta name=\"twitter:label1\" content=\"Estimated reading time\" \/>\n\t<meta name=\"twitter:data1\" content=\"1 minute\" \/>\n<script type=\"application\/ld+json\" class=\"yoast-schema-graph\">{\"@context\":\"https:\\\/\\\/schema.org\",\"@graph\":[{\"@type\":\"WebPage\",\"@id\":\"https:\\\/\\\/peterkepkeret.hu\\\/katalogusaink\\\/\",\"url\":\"https:\\\/\\\/peterkepkeret.hu\\\/katalogusaink\\\/\",\"name\":\"Katal\u00f3gusaink - P\u00e9ter k\u00e9pkeret\",\"isPartOf\":{\"@id\":\"https:\\\/\\\/peterkepkeret.hu\\\/#website\"},\"primaryImageOfPage\":{\"@id\":\"https:\\\/\\\/peterkepkeret.hu\\\/katalogusaink\\\/#primaryimage\"},\"image\":{\"@id\":\"https:\\\/\\\/peterkepkeret.hu\\\/katalogusaink\\\/#primaryimage\"},\"thumbnailUrl\":\"https:\\\/\\\/peterkepkeret.hu\\\/wp-content\\\/uploads\\\/2025\\\/06\\\/2022-katalogus-2-724x1024.jpg\",\"datePublished\":\"2025-06-04T15:10:57+00:00\",\"dateModified\":\"2025-06-23T15:54:33+00:00\",\"breadcrumb\":{\"@id\":\"https:\\\/\\\/peterkepkeret.hu\\\/katalogusaink\\\/#breadcrumb\"},\"inLanguage\":\"en-GB\",\"potentialAction\":[{\"@type\":\"ReadAction\",\"target\":[\"https:\\\/\\\/peterkepkeret.hu\\\/katalogusaink\\\/\"]}]},{\"@type\":\"ImageObject\",\"inLanguage\":\"en-GB\",\"@id\":\"https:\\\/\\\/peterkepkeret.hu\\\/katalogusaink\\\/#primaryimage\",\"url\":\"https:\\\/\\\/peterkepkeret.hu\\\/wp-content\\\/uploads\\\/2025\\\/06\\\/2022-katalogus-2-724x1024.jpg\",\"contentUrl\":\"https:\\\/\\\/peterkepkeret.hu\\\/wp-content\\\/uploads\\\/2025\\\/06\\\/2022-katalogus-2-724x1024.jpg\"},{\"@type\":\"BreadcrumbList\",\"@id\":\"https:\\\/\\\/peterkepkeret.hu\\\/katalogusaink\\\/#breadcrumb\",\"itemListElement\":[{\"@type\":\"ListItem\",\"position\":1,\"name\":\"Kezd\u0151lap\",\"item\":\"https:\\\/\\\/peterkepkeret.hu\\\/\"},{\"@type\":\"ListItem\",\"position\":2,\"name\":\"Katal\u00f3gusaink\"}]},{\"@type\":\"WebSite\",\"@id\":\"https:\\\/\\\/peterkepkeret.hu\\\/#website\",\"url\":\"https:\\\/\\\/peterkepkeret.hu\\\/\",\"name\":\"P\u00e9ter k\u00e9pkeret\",\"description\":\"Nek\u00fcnk m\u0171kincs, \u00d6nnek szem\u00e9lyes t\u00f6rt\u00e9net!\",\"potentialAction\":[{\"@type\":\"SearchAction\",\"target\":{\"@type\":\"EntryPoint\",\"urlTemplate\":\"https:\\\/\\\/peterkepkeret.hu\\\/?s={search_term_string}\"},\"query-input\":{\"@type\":\"PropertyValueSpecification\",\"valueRequired\":true,\"valueName\":\"search_term_string\"}}],\"inLanguage\":\"en-GB\"}]}<\/script>\n<!-- \/ Yoast SEO plugin. -->","yoast_head_json":{"title":"Katal\u00f3gusaink - P\u00e9ter k\u00e9pkeret","robots":{"index":"index","follow":"follow","max-snippet":"max-snippet:-1","max-image-preview":"max-image-preview:large","max-video-preview":"max-video-preview:-1"},"canonical":"https:\/\/peterkepkeret.hu\/en\/katalogusaink\/","og_locale":"en_GB","og_type":"article","og_title":"Katal\u00f3gusaink - P\u00e9ter k\u00e9pkeret","og_description":"Katal\u00f3gusaink Let\u00f6lthet\u0151 pdf arch\u00edvum 2022-es katal\u00f3gus 2022 Katal\u00f3gus let\u00f6lt\u00e9se 2021-es katal\u00f3gus 2021 Katal\u00f3gus let\u00f6lt\u00e9se","og_url":"https:\/\/peterkepkeret.hu\/en\/katalogusaink\/","og_site_name":"P\u00e9ter k\u00e9pkeret","article_modified_time":"2025-06-23T15:54:33+00:00","og_image":[{"width":1357,"height":1920,"url":"https:\/\/peterkepkeret.hu\/wp-content\/uploads\/2025\/06\/2022-katalogus-2.jpg","type":"image\/jpeg"}],"twitter_card":"summary_large_image","twitter_misc":{"Estimated reading time":"1 minute"},"schema":{"@context":"https:\/\/schema.org","@graph":[{"@type":"WebPage","@id":"https:\/\/peterkepkeret.hu\/katalogusaink\/","url":"https:\/\/peterkepkeret.hu\/katalogusaink\/","name":"Katal\u00f3gusaink - P\u00e9ter k\u00e9pkeret","isPartOf":{"@id":"https:\/\/peterkepkeret.hu\/#website"},"primaryImageOfPage":{"@id":"https:\/\/peterkepkeret.hu\/katalogusaink\/#primaryimage"},"image":{"@id":"https:\/\/peterkepkeret.hu\/katalogusaink\/#primaryimage"},"thumbnailUrl":"https:\/\/peterkepkeret.hu\/wp-content\/uploads\/2025\/06\/2022-katalogus-2-724x1024.jpg","datePublished":"2025-06-04T15:10:57+00:00","dateModified":"2025-06-23T15:54:33+00:00","breadcrumb":{"@id":"https:\/\/peterkepkeret.hu\/katalogusaink\/#breadcrumb"},"inLanguage":"en-GB","potentialAction":[{"@type":"ReadAction","target":["https:\/\/peterkepkeret.hu\/katalogusaink\/"]}]},{"@type":"ImageObject","inLanguage":"en-GB","@id":"https:\/\/peterkepkeret.hu\/katalogusaink\/#primaryimage","url":"https:\/\/peterkepkeret.hu\/wp-content\/uploads\/2025\/06\/2022-katalogus-2-724x1024.jpg","contentUrl":"https:\/\/peterkepkeret.hu\/wp-content\/uploads\/2025\/06\/2022-katalogus-2-724x1024.jpg"},{"@type":"BreadcrumbList","@id":"https:\/\/peterkepkeret.hu\/katalogusaink\/#breadcrumb","itemListElement":[{"@type":"ListItem","position":1,"name":"Kezd\u0151lap","item":"https:\/\/peterkepkeret.hu\/"},{"@type":"ListItem","position":2,"name":"Katal\u00f3gusaink"}]},{"@type":"WebSite","@id":"https:\/\/peterkepkeret.hu\/#website","url":"https:\/\/peterkepkeret.hu\/","name":"P\u00e9ter k\u00e9pkeret","description":"For us, it's a piece of art; \nfor you, it's a personal story","potentialAction":[{"@type":"SearchAction","target":{"@type":"EntryPoint","urlTemplate":"https:\/\/peterkepkeret.hu\/?s={search_term_string}"},"query-input":{"@type":"PropertyValueSpecification","valueRequired":true,"valueName":"search_term_string"}}],"inLanguage":"en-GB"}]}},"_links":{"self":[{"href":"https:\/\/peterkepkeret.hu\/en\/wp-json\/wp\/v2\/pages\/2606","targetHints":{"allow":["GET"]}}],"collection":[{"href":"https:\/\/peterkepkeret.hu\/en\/wp-json\/wp\/v2\/pages"}],"about":[{"href":"https:\/\/peterkepkeret.hu\/en\/wp-json\/wp\/v2\/types\/page"}],"author":[{"embeddable":true,"href":"https:\/\/peterkepkeret.hu\/en\/wp-json\/wp\/v2\/users\/3"}],"replies":[{"embeddable":true,"href":"https:\/\/peterkepkeret.hu\/en\/wp-json\/wp\/v2\/comments?post=2606"}],"version-history":[{"count":13,"href":"https:\/\/peterkepkeret.hu\/en\/wp-json\/wp\/v2\/pages\/2606\/revisions"}],"predecessor-version":[{"id":3812,"href":"https:\/\/peterkepkeret.hu\/en\/wp-json\/wp\/v2\/pages\/2606\/revisions\/3812"}],"wp:attachment":[{"href":"https:\/\/peterkepkeret.hu\/en\/wp-json\/wp\/v2\/media?parent=2606"}],"curies":[{"name":"wp","href":"https:\/\/api.w.org\/{rel}","templated":true}]}}